{"id":2,"date":"2023-04-25T17:55:28","date_gmt":"2023-04-25T17:55:28","guid":{"rendered":"https:\/\/sulf.se\/wp\/?page_id=2"},"modified":"2025-12-05T14:36:03","modified_gmt":"2025-12-05T13:36:03","slug":"sample-page","status":"publish","type":"page","link":"https:\/\/sulf.se\/sulfs-foreningar\/sulfuppsala\/","title":{"rendered":"Startsida"},"content":{"rendered":"<div\n  id=\"sektionsstart\"\n  class=\"\n    is-style-orange wp-block-section-hero\n    mb-8 min-h-[300px] flex flex-col flex-1 justify-center relative\n    lg:mb-10 lg:h-[700px] lg:justify-end\n  \"\n>\n      <div\n      class=\"\n        overflow-hidden\n        z-10 left-0 top-0 right-0 bottom-0\n        lg:absolute\n      \"\n    >\n      <figure class=\"h-full\">\n        <img loading=\"lazy\" decoding=\"async\" width=\"1200\" height=\"600\" src=\"https:\/\/sulf.se\/sulfs-foreningar\/sulfuppsala\/app\/uploads\/2025\/12\/UppsalaUniversitet_foto_DavidNaylor.jpg\" class=\"w-full h-full object-center object-cover\" alt=\"\" srcset=\"https:\/\/sulf.se\/sulfs-foreningar\/sulfuppsala\/app\/uploads\/2025\/12\/UppsalaUniversitet_foto_DavidNaylor.jpg 1200w, https:\/\/sulf.se\/sulfs-foreningar\/sulfuppsala\/app\/uploads\/2025\/12\/UppsalaUniversitet_foto_DavidNaylor-800x400.jpg 800w\" sizes=\"auto, (max-width: 1200px) 100vw, 1200px\" \/>\n      <\/figure>\n    <\/div>\n  \n  <div class=\"relative z-20 lg:section-hero-overlay\">\n    <div class=\"container pt-8 lg:pt-12\">\n              <div class=\"mb-5 lg:-ml-8\">\n          <a\n      href=\"https:\/\/sulf.se\/sulfs-foreningar\/\"\n      target=\"_self\"\n      rel=\"bookmark\"\n              class=\"flex items-center\"\n                    title=\"SULF:s f\u00f6reningar\"\n          ><span class=\"shrink-0 mr-2 w-6 h-6\" aria-hidden=\"true\">\n              <svg class=\"max-w-full max-h-full fill-current\" viewBox=\"0 0 48 48\" version=\"1.1\" xmlns=\"http:\/\/www.w3.org\/2000\/svg\" xmlns:xlink=\"http:\/\/www.w3.org\/1999\/xlink\">\n    <path d=\"M24 40 8 24 24 8l2.1 2.1-12.4 12.4H40v3H13.7l12.4 12.4Z\"\/>\n<\/svg>            <\/span>\n            <span class=\"font-medium\">\n              SULF:s f\u00f6reningar\n            <\/span><\/a>\n          <\/div>\n      \n      <header class=\"max-w-screen-md\">\n    <h1 class=\"font-serif font-normal tracking-tight md:tracking-tighter\">\n      SULF\/Uppsala universitet\n    <\/h1>\n\n          <div class=\"mt-2 text-md space-y-4 lg:text-2lg\">\n        V\u00e4lkommen till SULF vid Uppsala universitet! SULF, \u00e4r det st\u00f6rsta f\u00f6rbundet med fler \u00e4n 2000 medlemmar och \u00e4r d\u00e4rmed ocks\u00e5 kontaktf\u00f6rbund vid Uppsala universitet. SULF Uppsala ing\u00e5r i Saco-S-f\u00f6reningen vid Uppsala universitet. Det \u00e4r Saco-S som \u00e4r den lokala parten vid alla f\u00f6rhandlingar vid myndigheten och representerar alla Sacomedlemmar vid Uppsala universitet.\n      <\/div>\n      <\/header>\n    <\/div>\n  <\/div>\n<\/div>\n\n\n<div\n  class=\"\n    wp-block-local-section-contacts not-prose\n    my-8 pt-5 border-t border-neutral-300\n    lg:my-10\n    first:pt-0 first:border-t-0 first:mt-0 last:mb-0\n  \"\n>\n      <div class=\"not-prose space-y-4\">\n      <div class=\"acf-innerblocks-container\">\n\n<h3 id=\"kontakta-dina-lokala-fackliga-foretradare\" class=\"wp-block-heading\" style=\"\">Kontakta dina lokala fackliga f\u00f6retr\u00e4dare<\/h3>\n\n\n\n<p>SULF Uppsala har ett lokalt kansli tillsammans med Saco-S.<\/p>\n\n<\/div>\n    <\/div>\n  \n      <div class=\"mt-5 space-y-6 not-prose lg:mt-8\">\n              <div data-id=\"contact-1910\" class=\"w-full items-center flex\">\n    \n    <div>\n              <h4 class=\"mb-1 font-bold tracking-sm\">\n          Lars Madej\n        <\/h4>\n      \n      <div class=\"space-y-2\">\n                  <div>\n                                          Ordf\u00f6rande i Saco-S-f\u00f6reningen, Uppsala universitet\n                                    <\/div>\n        \n        <div>\n          \n                      <a\n              class=\"mr-4 inline-flex items-center whitespace-nowrap last:mr-0\"\n              rel=\"nofollow noopener noreferrer\"\n              target=\"_blank\"\n              href=\"mailto:&#115;ac&#111;&#45;&#115;&#64;u&#117;&#46;se\"\n            >\n              <span\n                class=\"mr-2 shrink-0\"\n                aria-hidden=\"true\"\n              >\n                <svg class=\"fill-current\" xmlns=\"http:\/\/www.w3.org\/2000\/svg\" height=\"24\" viewBox=\"0 -960 960 960\" width=\"24\">\n  <path d=\"M160-160q-33 0-56.5-23.5T80-240v-480q0-33 23.5-56.5T160-800h640q33 0 56.5 23.5T880-720v480q0 33-23.5 56.5T800-160H160Zm320-280L160-640v400h640v-400L480-440Zm0-80 320-200H160l320 200ZM160-640v-80 480-400Z\"\/>\n<\/svg>              <\/span>\n              <span>s&#97;&#99;o&#45;&#115;&#64;&#117;&#117;&#46;se<\/span>\n            <\/a>\n          \n                      <a\n              class=\"mr-4 inline-flex items-center whitespace-nowrap last:mr-0\"\n              rel=\"noopener noreferrer\"\n              target=\"_blank\"\n              href=\"https:\/\/www.saco.fackorg.uu.se\/w\/sa\/\"\n            >\n              <span\n                class=\"mr-2 shrink-0\"\n                aria-hidden=\"true\"\n              >\n                <svg class=\"fill-current\" xmlns=\"http:\/\/www.w3.org\/2000\/svg\" height=\"24\" viewBox=\"0 -960 960 960\" width=\"24\">\n  <path d=\"M440-280H280q-83 0-141.5-58.5T80-480q0-83 58.5-141.5T280-680h160v80H280q-50 0-85 35t-35 85q0 50 35 85t85 35h160v80ZM320-440v-80h320v80H320Zm200 160v-80h160q50 0 85-35t35-85q0-50-35-85t-85-35H520v-80h160q83 0 141.5 58.5T880-480q0 83-58.5 141.5T680-280H520Z\"\/>\n<\/svg>              <\/span>\n              <span>\n                Webbsida\n              <\/span>\n            <\/a>\n          \n                  <\/div>\n\n              <\/div>\n    <\/div>\n  <\/div>\n              <div data-id=\"contact-1912\" class=\"w-full items-center flex\">\n    \n    <div>\n              <h4 class=\"mb-1 font-bold tracking-sm\">\n          Linn\u00e9a Idling Vilmunen\n        <\/h4>\n      \n      <div class=\"space-y-2\">\n                  <div>\n                                          Ordf\u00f6rande i SULF-f\u00f6reningen, Uppsala universitet\n                                    <\/div>\n        \n        <div>\n          \n                      <a\n              class=\"mr-4 inline-flex items-center whitespace-nowrap last:mr-0\"\n              rel=\"nofollow noopener noreferrer\"\n              target=\"_blank\"\n              href=\"mailto:linnea.id&#108;&#105;n&#103;&#95;&#118;&#105;l&#109;u&#110;e&#110;&#64;&#110;ordi&#115;k&#97;&#46;u&#117;.&#115;&#101;\"\n            >\n              <span\n                class=\"mr-2 shrink-0\"\n                aria-hidden=\"true\"\n              >\n                <svg class=\"fill-current\" xmlns=\"http:\/\/www.w3.org\/2000\/svg\" height=\"24\" viewBox=\"0 -960 960 960\" width=\"24\">\n  <path d=\"M160-160q-33 0-56.5-23.5T80-240v-480q0-33 23.5-56.5T160-800h640q33 0 56.5 23.5T880-720v480q0 33-23.5 56.5T800-160H160Zm320-280L160-640v400h640v-400L480-440Zm0-80 320-200H160l320 200ZM160-640v-80 480-400Z\"\/>\n<\/svg>              <\/span>\n              <span>linnea.i&#100;lin&#103;&#95;v&#105;&#108;&#109;&#117;n&#101;n&#64;n&#111;rdi&#115;&#107;a&#46;&#117;&#117;.se<\/span>\n            <\/a>\n          \n                      <a\n              class=\"mr-4 inline-flex items-center whitespace-nowrap last:mr-0\"\n              rel=\"noopener noreferrer\"\n              target=\"_blank\"\n              href=\"https:\/\/www.sulf.se\/sulfs-foreningar\/sulfuppsalauniversitet\/\"\n            >\n              <span\n                class=\"mr-2 shrink-0\"\n                aria-hidden=\"true\"\n              >\n                <svg class=\"fill-current\" xmlns=\"http:\/\/www.w3.org\/2000\/svg\" height=\"24\" viewBox=\"0 -960 960 960\" width=\"24\">\n  <path d=\"M440-280H280q-83 0-141.5-58.5T80-480q0-83 58.5-141.5T280-680h160v80H280q-50 0-85 35t-35 85q0 50 35 85t85 35h160v80ZM320-440v-80h320v80H320Zm200 160v-80h160q50 0 85-35t35-85q0-50-35-85t-85-35H520v-80h160q83 0 141.5 58.5T880-480q0 83-58.5 141.5T680-280H520Z\"\/>\n<\/svg>              <\/span>\n              <span>\n                Webbsida\n              <\/span>\n            <\/a>\n          \n                  <\/div>\n\n              <\/div>\n    <\/div>\n  <\/div>\n              <div data-id=\"contact-1718\" class=\"w-full items-center flex\">\n    \n    <div>\n              <h4 class=\"mb-1 font-bold tracking-sm\">\n          Petra Eriksson\n        <\/h4>\n      \n      <div class=\"space-y-2\">\n                  <div>\n                                          Campus Gotland, Ordf\u00f6rande i Saco-S f\u00f6reningen samt kontaktperson, Uppsala universitet\n                                    <\/div>\n        \n        <div>\n                      <span class=\"mr-4 inline-flex items-center whitespace-nowrap last:mr-0\">\n              <span\n                class=\"mr-2 shrink-0\"\n                aria-hidden=\"true\"\n              >\n                <svg class=\"fill-current\" xmlns=\"http:\/\/www.w3.org\/2000\/svg\" height=\"24\" viewBox=\"0 -960 960 960\" width=\"24\">\n  <path d=\"M798-120q-125 0-247-54.5T329-329Q229-429 174.5-551T120-798q0-18 12-30t30-12h162q14 0 25 9.5t13 22.5l26 140q2 16-1 27t-11 19l-97 98q20 37 47.5 71.5T387-386q31 31 65 57.5t72 48.5l94-94q9-9 23.5-13.5T670-390l138 28q14 4 23 14.5t9 23.5v162q0 18-12 30t-30 12ZM241-600l66-66-17-94h-89q5 41 14 81t26 79Zm358 358q39 17 79.5 27t81.5 13v-88l-94-19-67 67ZM241-600Zm358 358Z\"\/>\n<\/svg>              <\/span>\n\n                              0498 -108324\n                          <\/span>\n          \n                      <a\n              class=\"mr-4 inline-flex items-center whitespace-nowrap last:mr-0\"\n              rel=\"nofollow noopener noreferrer\"\n              target=\"_blank\"\n              href=\"mailto:petra.&#101;r&#105;&#107;ss&#111;n&#64;&#107;&#111;&#110;s&#116;&#118;et&#46;&#117;&#117;.&#115;&#101;\"\n            >\n              <span\n                class=\"mr-2 shrink-0\"\n                aria-hidden=\"true\"\n              >\n                <svg class=\"fill-current\" xmlns=\"http:\/\/www.w3.org\/2000\/svg\" height=\"24\" viewBox=\"0 -960 960 960\" width=\"24\">\n  <path d=\"M160-160q-33 0-56.5-23.5T80-240v-480q0-33 23.5-56.5T160-800h640q33 0 56.5 23.5T880-720v480q0 33-23.5 56.5T800-160H160Zm320-280L160-640v400h640v-400L480-440Zm0-80 320-200H160l320 200ZM160-640v-80 480-400Z\"\/>\n<\/svg>              <\/span>\n              <span>petra.&#101;r&#105;&#107;&#115;s&#111;&#110;&#64;&#107;&#111;ns&#116;vet.uu.se<\/span>\n            <\/a>\n          \n          \n                  <\/div>\n\n              <\/div>\n    <\/div>\n  <\/div>\n          <\/div>\n  <\/div>\n\n\n\n\n\n\n<div\n    class=\"\n      wp-block-local-section-documents not-prose\n      my-8 pt-4 border-t border-neutral-300\n      lg:my-10\n      first:pt-0 first:border-t-0 first:mt-0 last:mb-0\n    \"\n  >\n          <div class=\"mb-5 font-bold text-orange-500 tracking-sm\">\n        Lokala avtal\n      <\/div>\n    \n    <div>\n              <div class=\"mt-3 md:mt-4 first:mt-0\">\n          <h4 class=\"font-medium md:text-lg\">\n            <a\n              rel=\"noopener noreferrer\"\n              target=\"_blank\"\n              href=\"https:\/\/sulf.se\/app\/uploads\/2023\/01\/Uppsala_-Lokalt-kollektivavtal-om-loner-for-doktorander-2022.pdf\"\n            >\n              Uppsala &#8211;  Lokalt-kollektivavtal-om-loner-for-doktorander-2022\n            <\/a>\n          <\/h4>\n        <\/div>\n              <div class=\"mt-3 md:mt-4 first:mt-0\">\n          <h4 class=\"font-medium md:text-lg\">\n            <a\n              rel=\"noopener noreferrer\"\n              target=\"_blank\"\n              href=\"https:\/\/sulf.se\/app\/uploads\/2023\/01\/Uppsala_Lokalt-kollektivavtal-om-undervisning-och-arbetstid-mm-for-doktorander-vid-Uppsala-universitet.pdf\"\n            >\n              Uppsala &#8211; Lokalt kollektivavtal om undervisning och arbetstid mm f\u00f6r doktorander vid Uppsala universitet\n            <\/a>\n          <\/h4>\n        <\/div>\n              <div class=\"mt-3 md:mt-4 first:mt-0\">\n          <h4 class=\"font-medium md:text-lg\">\n            <a\n              rel=\"noopener noreferrer\"\n              target=\"_blank\"\n              href=\"https:\/\/sulf.se\/app\/uploads\/2023\/01\/Uppsala_Lokalt-kollektivavtal-om-undervisning-och-arbetstid-mm-for-larare.pdf\"\n            >\n              Uppsala &#8211; Lokalt kollektivavtal om undervisning och arbetstid mm f\u00f6r l\u00e4rare\n            <\/a>\n          <\/h4>\n        <\/div>\n              <div class=\"mt-3 md:mt-4 first:mt-0\">\n          <h4 class=\"font-medium md:text-lg\">\n            <a\n              rel=\"noopener noreferrer\"\n              target=\"_blank\"\n              href=\"https:\/\/sulf.se\/app\/uploads\/2023\/01\/Uppsala_Obekvamtidstillagg-for-larare-som-innehar-anstallning-vid-Uppsala-universitet.pdf\"\n            >\n              Uppsala &#8211; Obekv\u00e4mtidstill\u00e4gg f\u00f6r l\u00e4rare som innehar anst\u00e4llning vid Uppsala universitet\n            <\/a>\n          <\/h4>\n        <\/div>\n              <div class=\"mt-3 md:mt-4 first:mt-0\">\n          <h4 class=\"font-medium md:text-lg\">\n            <a\n              rel=\"noopener noreferrer\"\n              target=\"_blank\"\n              href=\"https:\/\/sulf.se\/app\/uploads\/2016\/05\/uppsala-universitet-arbetstidsavtal-lokalvard.pdf\"\n            >\n              Uppsala universitet &#8211; Arbetstidsavtal lokalv\u00e5rd\n            <\/a>\n          <\/h4>\n        <\/div>\n              <div class=\"mt-3 md:mt-4 first:mt-0\">\n          <h4 class=\"font-medium md:text-lg\">\n            <a\n              rel=\"noopener noreferrer\"\n              target=\"_blank\"\n              href=\"https:\/\/sulf.se\/app\/uploads\/2016\/05\/uppsala-universitet-arbetstidsavtal-teknisk-administrativ-personal.pdf\"\n            >\n              Uppsala universitet &#8211; Arbetstidsavtal teknisk administrativ personal\n            <\/a>\n          <\/h4>\n        <\/div>\n              <div class=\"mt-3 md:mt-4 first:mt-0\">\n          <h4 class=\"font-medium md:text-lg\">\n            <a\n              rel=\"noopener noreferrer\"\n              target=\"_blank\"\n              href=\"https:\/\/sulf.se\/app\/uploads\/2016\/06\/uppsala-universitet-lokalt-avtal-om-lokala-omstallningsmedel.pdf\"\n            >\n              Uppsala universitet &#8211; Lokalt avtal om lokala omst\u00e4llningsmedel\n            <\/a>\n          <\/h4>\n        <\/div>\n              <div class=\"mt-3 md:mt-4 first:mt-0\">\n          <h4 class=\"font-medium md:text-lg\">\n            <a\n              rel=\"noopener noreferrer\"\n              target=\"_blank\"\n              href=\"https:\/\/sulf.se\/app\/uploads\/2016\/05\/uppsala-universitet-lokalt-kollektivavtal-begransningsperiod-vid-oregelbunden-eller-koncentrerad-arbetstid.pdf\"\n            >\n              Uppsala universitet &#8211; Lokalt kollektivavtal begr\u00e4nsningsperiod vid oregelbunden eller koncentrerad arbetstid\n            <\/a>\n          <\/h4>\n        <\/div>\n              <div class=\"mt-3 md:mt-4 first:mt-0\">\n          <h4 class=\"font-medium md:text-lg\">\n            <a\n              rel=\"noopener noreferrer\"\n              target=\"_blank\"\n              href=\"https:\/\/sulf.se\/app\/uploads\/2016\/05\/uppsala-universitet-lokalt-kollektivavtal-ersattning-semester-och-sjukdom.pdf\"\n            >\n              Uppsala universitet &#8211; Lokalt kollektivavtal ers\u00e4ttning semester och sjukdom\n            <\/a>\n          <\/h4>\n        <\/div>\n              <div class=\"mt-3 md:mt-4 first:mt-0\">\n          <h4 class=\"font-medium md:text-lg\">\n            <a\n              rel=\"noopener noreferrer\"\n              target=\"_blank\"\n              href=\"https:\/\/sulf.se\/app\/uploads\/2016\/05\/uppsala-universitet-lokalt-kollektivavtal-for-restid.pdf\"\n            >\n              Uppsala universitet &#8211; Lokalt kollektivavtal f\u00f6r restid\n            <\/a>\n          <\/h4>\n        <\/div>\n              <div class=\"mt-3 md:mt-4 first:mt-0\">\n          <h4 class=\"font-medium md:text-lg\">\n            <a\n              rel=\"noopener noreferrer\"\n              target=\"_blank\"\n              href=\"https:\/\/sulf.se\/app\/uploads\/2016\/05\/uppsala-universitet-lokalt-kollektivavtal-for-sparad-semester-for-larare.pdf\"\n            >\n              Uppsala universitet &#8211; Lokalt kollektivavtal f\u00f6r sparad semester f\u00f6r l\u00e4rare\n            <\/a>\n          <\/h4>\n        <\/div>\n              <div class=\"mt-3 md:mt-4 first:mt-0\">\n          <h4 class=\"font-medium md:text-lg\">\n            <a\n              rel=\"noopener noreferrer\"\n              target=\"_blank\"\n              href=\"https:\/\/sulf.se\/app\/uploads\/2016\/05\/uppsala-universitet-lokalt-kollektivavtal-om-brededskap.pdf\"\n            >\n              Uppsala universitet &#8211; Lokalt kollektivavtal om brededskap\n            <\/a>\n          <\/h4>\n        <\/div>\n              <div class=\"mt-3 md:mt-4 first:mt-0\">\n          <h4 class=\"font-medium md:text-lg\">\n            <a\n              rel=\"noopener noreferrer\"\n              target=\"_blank\"\n              href=\"https:\/\/sulf.se\/app\/uploads\/2016\/05\/uppsala-universitet-lokalt-kollektivavtal-om-chefskrets.pdf\"\n            >\n              Uppsala universitet &#8211; Lokalt kollektivavtal om chefskrets\n            <\/a>\n          <\/h4>\n        <\/div>\n              <div class=\"mt-3 md:mt-4 first:mt-0\">\n          <h4 class=\"font-medium md:text-lg\">\n            <a\n              rel=\"noopener noreferrer\"\n              target=\"_blank\"\n              href=\"https:\/\/sulf.se\/app\/uploads\/2016\/05\/uppsala-universitet-lokalt-kollektivavtal-om-tidsbegransad-anstallning-som-adjungeradlarare.pdf\"\n            >\n              Uppsala universitet &#8211; lokalt kollektivavtal om tidsbegr\u00e4nsad anst\u00e4llning som adjungeradl\u00e4rare\n            <\/a>\n          <\/h4>\n        <\/div>\n              <div class=\"mt-3 md:mt-4 first:mt-0\">\n          <h4 class=\"font-medium md:text-lg\">\n            <a\n              rel=\"noopener noreferrer\"\n              target=\"_blank\"\n              href=\"https:\/\/sulf.se\/app\/uploads\/2016\/05\/uppsala-universitet-lokalt-kollektivavtal-om-timarvoden-och-andra-ersattningar.pdf\"\n            >\n              Uppsala universitet &#8211; Lokalt kollektivavtal om timarvoden och andra ers\u00e4ttningar\n            <\/a>\n          <\/h4>\n        <\/div>\n              <div class=\"mt-3 md:mt-4 first:mt-0\">\n          <h4 class=\"font-medium md:text-lg\">\n            <a\n              rel=\"noopener noreferrer\"\n              target=\"_blank\"\n              href=\"https:\/\/sulf.se\/app\/uploads\/2016\/05\/uppsala-universitet-lokalt-kollektivavtal-rals.pdf\"\n            >\n              Uppsala universitet &#8211; Lokalt kollektivavtal RALS\n            <\/a>\n          <\/h4>\n        <\/div>\n              <div class=\"mt-3 md:mt-4 first:mt-0\">\n          <h4 class=\"font-medium md:text-lg\">\n            <a\n              rel=\"noopener noreferrer\"\n              target=\"_blank\"\n              href=\"https:\/\/sulf.se\/app\/uploads\/2019\/11\/uppsalauniversitet-lokalt-kolletivavtal-om-arbetstid-arbetstidsberoende-ersattningar-larare-klinisk-tjanstgoring-191114.pdf\"\n            >\n              Uppsala Universitet &#8211; lokalt kollektivavtal om arbetstid och arbetstidsberoende ers\u00e4ttningar f\u00f6r vissa l\u00e4rare med klinisk tj\u00e4nstg\u00f6ring\n            <\/a>\n          <\/h4>\n        <\/div>\n          <\/div>\n  <\/div>\n","protected":false},"excerpt":{"rendered":"","protected":false},"author":1,"featured_media":946,"parent":0,"menu_order":0,"comment_status":"closed","ping_status":"open","template":"template-home.blade.php","meta":{"_acf_changed":false,"footnotes":""},"class_list":["post-2","page","type-page","status-publish","has-post-thumbnail","hentry"],"acf":[],"_links":{"self":[{"href":"https:\/\/sulf.se\/sulfs-foreningar\/sulfuppsala\/wp-json\/wp\/v2\/pages\/2","targetHints":{"allow":["GET"]}}],"collection":[{"href":"https:\/\/sulf.se\/sulfs-foreningar\/sulfuppsala\/wp-json\/wp\/v2\/pages"}],"about":[{"href":"https:\/\/sulf.se\/sulfs-foreningar\/sulfuppsala\/wp-json\/wp\/v2\/types\/page"}],"author":[{"embeddable":true,"href":"https:\/\/sulf.se\/sulfs-foreningar\/sulfuppsala\/wp-json\/wp\/v2\/users\/1"}],"replies":[{"embeddable":true,"href":"https:\/\/sulf.se\/sulfs-foreningar\/sulfuppsala\/wp-json\/wp\/v2\/comments?post=2"}],"version-history":[{"count":10,"href":"https:\/\/sulf.se\/sulfs-foreningar\/sulfuppsala\/wp-json\/wp\/v2\/pages\/2\/revisions"}],"predecessor-version":[{"id":951,"href":"https:\/\/sulf.se\/sulfs-foreningar\/sulfuppsala\/wp-json\/wp\/v2\/pages\/2\/revisions\/951"}],"wp:featuredmedia":[{"embeddable":true,"href":"https:\/\/sulf.se\/sulfs-foreningar\/sulfuppsala\/wp-json\/wp\/v2\/media\/946"}],"wp:attachment":[{"href":"https:\/\/sulf.se\/sulfs-foreningar\/sulfuppsala\/wp-json\/wp\/v2\/media?parent=2"}],"curies":[{"name":"wp","href":"https:\/\/api.w.org\/{rel}","templated":true}]}}