{"id":488,"date":"2023-04-26T02:05:58","date_gmt":"2023-04-26T00:05:58","guid":{"rendered":"https:\/\/malmo.sulf.se\/?page_id=488"},"modified":"2025-12-04T12:21:30","modified_gmt":"2025-12-04T11:21:30","slug":"om-oss","status":"publish","type":"page","link":"https:\/\/sulf.se\/sulfs-foreningar\/sulfuppsala\/om-oss\/","title":{"rendered":"About us\/Om oss"},"content":{"rendered":"\n<p>The Swedish Association for University Teachers and Researchers (SULF) is the largest Saco-S union with more than 2,000 members and is therefore also the contact union at Uppsala University. SULF Uppsala is the local SULF association at Uppsala University and is part of the Saco-S association at Uppsala University. The Saco-S association is the local party in all negotiations and represents all Saco members at Uppsala University.<\/p>\n\n\n\n<p>Sveriges universitetsl\u00e4rare och forskare (SULF) \u00e4r det st\u00f6rsta f\u00f6rbundet med fler \u00e4n 2000 medlemmar och \u00e4r d\u00e4rmed ocks\u00e5 kontaktf\u00f6rbund vid Uppsala universitet. SULF Uppsala \u00e4r den lokala SULF-f\u00f6reningen vid Uppsala universitet och ing\u00e5r i Saco-S-f\u00f6reningen vid Uppsala universitet. Saco-S-f\u00f6reningen \u00e4r den lokala parten vid alla f\u00f6rhandlingar och representerar alla Saco-medlemmar vid Uppsala universitet.<\/p>\n","protected":false},"excerpt":{"rendered":"<p>The Swedish Association for University Teachers and Researchers (SULF) is the largest Saco-S union with more than 2,000 members and &hellip;<\/p>\n","protected":false},"author":1,"featured_media":890,"parent":0,"menu_order":4,"comment_status":"closed","ping_status":"closed","template":"","meta":{"_acf_changed":false,"footnotes":""},"class_list":["post-488","page","type-page","status-publish","has-post-thumbnail","hentry"],"acf":[],"_links":{"self":[{"href":"https:\/\/sulf.se\/sulfs-foreningar\/sulfuppsala\/wp-json\/wp\/v2\/pages\/488","targetHints":{"allow":["GET"]}}],"collection":[{"href":"https:\/\/sulf.se\/sulfs-foreningar\/sulfuppsala\/wp-json\/wp\/v2\/pages"}],"about":[{"href":"https:\/\/sulf.se\/sulfs-foreningar\/sulfuppsala\/wp-json\/wp\/v2\/types\/page"}],"author":[{"embeddable":true,"href":"https:\/\/sulf.se\/sulfs-foreningar\/sulfuppsala\/wp-json\/wp\/v2\/users\/1"}],"replies":[{"embeddable":true,"href":"https:\/\/sulf.se\/sulfs-foreningar\/sulfuppsala\/wp-json\/wp\/v2\/comments?post=488"}],"version-history":[{"count":6,"href":"https:\/\/sulf.se\/sulfs-foreningar\/sulfuppsala\/wp-json\/wp\/v2\/pages\/488\/revisions"}],"predecessor-version":[{"id":900,"href":"https:\/\/sulf.se\/sulfs-foreningar\/sulfuppsala\/wp-json\/wp\/v2\/pages\/488\/revisions\/900"}],"wp:featuredmedia":[{"embeddable":true,"href":"https:\/\/sulf.se\/sulfs-foreningar\/sulfuppsala\/wp-json\/wp\/v2\/media\/890"}],"wp:attachment":[{"href":"https:\/\/sulf.se\/sulfs-foreningar\/sulfuppsala\/wp-json\/wp\/v2\/media?parent=488"}],"curies":[{"name":"wp","href":"https:\/\/api.w.org\/{rel}","templated":true}]}}