{"id":492,"date":"2023-04-26T02:06:34","date_gmt":"2023-04-26T00:06:34","guid":{"rendered":"https:\/\/malmo.sulf.se\/?page_id=492"},"modified":"2025-12-04T12:21:39","modified_gmt":"2025-12-04T11:21:39","slug":"stadgar","status":"publish","type":"page","link":"https:\/\/sulf.se\/sulfs-foreningar\/sulfuppsala\/stadgar\/","title":{"rendered":"Bylaws\/Stadgar"},"content":{"rendered":"\n<p class=\"is-style-lead-text\">Stadgar f\u00f6r SULF-f\u00f6reningen vid Uppsala universitet. <a href=\"https:\/\/sulf.se\/sulfs-foreningar\/sulfuppsala\/app\/uploads\/2025\/12\/SULF-Uppsala-stadgar-2022.pdf\" target=\"_blank\" rel=\"noreferrer noopener\">Ladda ned stadgarna som pdf<\/a>.<\/p>\n\n\n\n<h2 id=\"beslutshistorik\" class=\"wp-block-heading\" style=\"\">Beslutshistorik<\/h2>\n\n\n\n<p>F\u00f6rslaget f\u00e4rdigst\u00e4llt p\u00e5 styrelsem\u00f6te 2022-03-24<br>Revisioner efter avst\u00e4mning med SULF:s kansli 2022-05-10<br>F\u00f6rslaget godk\u00e4nt av extra \u00e5rsm\u00f6te den 2022-06-07.<br>Nya stadgar fastst\u00e4llda av SULF:s f\u00f6rbundsstyrelse den 2022-08-16<\/p>\n\n\n\n<h2 id=\"allmanna-bestammelser\" class=\"wp-block-heading\" style=\"\">Allm\u00e4nna best\u00e4mmelser<\/h2>\n\n\n\n<h3 id=\"%c2%a7-1-andamal\" class=\"wp-block-heading\" style=\"\">\u00a7 1 \u00c4ndam\u00e5l<\/h3>\n\n\n\n<p>Sveriges universitetsl\u00e4rare och forskares lokalf\u00f6rening SULF\/Uppsala \u00e4r en del av Sveriges universitetsl\u00e4rare och forskare (organisationsnummer 802004-1649) och utg\u00f6r representation f\u00f6r SULF:s medlemmar vid universitetet i Uppsala, samt geografiskt n\u00e4rliggande arbetsplatser.<\/p>\n\n\n\n<p>SULF\/Uppsalas verksamhet regleras av denna stadga som fastst\u00e4lls av f\u00f6rbundsstyrelsen efter f\u00f6rslag fr\u00e5n f\u00f6reningen. SULF\/Uppsala har till uppgift att:<\/p>\n\n\n\n<ul class=\"wp-block-list\">\n<li>tillvarata medlemmarnas intressen inom SULF:s verksamhetsomr\u00e5de i enlighet med f\u00f6rbundets stadga och av kongressen eller f\u00f6rbundsstyrelsen fattade beslut<\/li>\n\n\n\n<li>bedriva medlemsrekrytering<\/li>\n\n\n\n<li>ge r\u00e5d till medlemmar i fackliga och professionella fr\u00e5gor<\/li>\n\n\n\n<li>ansvara f\u00f6r lokal information i fr\u00e5gor som ligger inom f\u00f6rbundets verksamhetsomr\u00e5de<\/li>\n\n\n\n<li>bedriva lokal opinionsbildning och sprida k\u00e4nnedom om f\u00f6rbundets verksamhet<\/li>\n\n\n\n<li>verka f\u00f6r SULF:s m\u00e5l och program i Saco-S-r\u00e5det och lokala SULF-\/ Saco-S-f\u00f6reningar vid Uppsala universitet<\/li>\n\n\n\n<li>bedriva seminarie- och annan programverksamhet<\/li>\n\n\n\n<li>rekrytera fackliga f\u00f6rtroendem\u00e4n<\/li>\n\n\n\n<li>h\u00e5lla f\u00f6rbundsstyrelsen informerat om den lokala verksamheten<\/li>\n<\/ul>\n\n\n\n<h3 id=\"%c2%a72-organisation\" class=\"wp-block-heading\" style=\"\">\u00a72 Organisation<\/h3>\n\n\n\n<p>SULF\/Uppsala ut\u00f6var sin verksamhet genom \u00e5rsm\u00f6te, extra \u00e5rsm\u00f6te och styrelse. F\u00f6reningens verksamhets\u00e5r \u00e4r kalender\u00e5r.<\/p>\n\n\n\n<h3 id=\"%c2%a73-regler-for-beslut-och-val\" class=\"wp-block-heading\" style=\"\">\u00a73 Regler f\u00f6r beslut och val<\/h3>\n\n\n\n<p>Beslut fattas med enkel majoritet bland avgivna giltiga r\u00f6ster, om ej annat f\u00f6reskrivs i dessa stadgar. Vid lika r\u00f6stetal har sittande sammantr\u00e4desordf\u00f6rande utslagsr\u00f6st, utom vid val med sluten omr\u00f6stning, d\u00e5 lotten skiljer. <\/p>\n\n\n\n<p>Val f\u00f6rr\u00e4ttas med sluten omr\u00f6stning om fler personer f\u00f6reslagits \u00e4n som ska v\u00e4ljas och om n\u00e5gon r\u00f6stber\u00e4ttigad beg\u00e4r det.<\/p>\n\n\n\n<h2 id=\"arsmote\" class=\"wp-block-heading\" style=\"\">\u00c5rsm\u00f6te<\/h2>\n\n\n\n<h3 id=\"%c2%a74-arsmote\" class=\"wp-block-heading\" style=\"\">\u00a74 \u00c5rsm\u00f6te<\/h3>\n\n\n\n<p>\u00c5rsm\u00f6tet \u00e4r SULF\/Uppsalas h\u00f6gsta beslutande organ.<\/p>\n\n\n\n<h3 id=\"%c2%a75-arsmotets-sammansattning\" class=\"wp-block-heading\" style=\"\">\u00a75 \u00c5rsm\u00f6tets sammans\u00e4ttning<\/h3>\n\n\n\n<p>\u00c5rsm\u00f6tets ledam\u00f6ter best\u00e5r av samtliga SULF:s medlemmar enligt \u00a7 1 i denna stadga.<\/p>\n\n\n\n<h3 id=\"%c2%a76-narvaro-yttrande-och-rostratt\" class=\"wp-block-heading\" style=\"\">\u00a76 N\u00e4rvaro-, yttrande- och r\u00f6str\u00e4tt<\/h3>\n\n\n\n<p>\u00c4ven annan person \u00e4n SULF-medlem f\u00e5r medges n\u00e4rvaror\u00e4tt och yttrander\u00e4tt genom beslut av tv\u00e5 tredjedelar av de r\u00f6stande.<br>R\u00f6str\u00e4tt vid \u00e5rsm\u00f6te och extra \u00e5rsm\u00f6te f\u00e5r endast ut\u00f6vas personligen.<\/p>\n\n\n\n<h3 id=\"%c2%a77-arsmote\" class=\"wp-block-heading\" style=\"\">\u00a77 \u00c5rsm\u00f6te<\/h3>\n\n\n\n<h4 id=\"kallelse-handlingar-och-arenden\" class=\"wp-block-heading\" style=\"\">kallelse, handlingar och \u00e4renden<\/h4>\n\n\n\n<p>\u00c5rsm\u00f6te h\u00e5lls varje \u00e5r under november eller december m\u00e5nad.<\/p>\n\n\n\n<p>\u00c5rsm\u00f6te sammantr\u00e4der p\u00e5 kallelse av styrelsen. Information tidpunkt f\u00f6r \u00e5rsm\u00f6tet ska uts\u00e4ndas i s\u00e5 god tid att medlemmarna har m\u00f6jlighet att inkomma med motioner. Kallelse till \u00e5rsm\u00f6te ska uts\u00e4ndas senast fjorton dagar f\u00f6re m\u00f6tet tillsammans med f\u00f6redragningslista samt, om m\u00f6jligt, \u00f6vriga m\u00f6teshandlingar.<\/p>\n\n\n\n<p>Vid \u00e5rsm\u00f6tet ska f\u00f6ljande \u00e4renden behandlas:<\/p>\n\n\n\n<ol class=\"wp-block-list\">\n<li>Fr\u00e5ga om m\u00f6tets beh\u00f6riga utlysande<\/li>\n\n\n\n<li>Val av m\u00f6tesordf\u00f6rande, sekreterare och tv\u00e5 protokollsjusterare<br>tillika r\u00f6str\u00e4knare<\/li>\n\n\n\n<li>Fastst\u00e4llande av f\u00f6redragningslista<\/li>\n\n\n\n<li>Verksamhetsber\u00e4ttelse<\/li>\n\n\n\n<li>Revisionsber\u00e4ttelse f\u00f6r verksamheten<\/li>\n\n\n\n<li>Fr\u00e5ga om ansvarsfrihet f\u00f6r styrelsen<\/li>\n\n\n\n<li>Fastst\u00e4llande av verksamhetsplan<\/li>\n\n\n\n<li>Val av\n<ul class=\"wp-block-list\">\n<li>a) ordf\u00f6rande<\/li>\n\n\n\n<li>b) vice ordf\u00f6rande<\/li>\n\n\n\n<li>c) sju styrelseledam\u00f6ter<\/li>\n\n\n\n<li>d) sju suppleanter<\/li>\n\n\n\n<li>e) tre ledam\u00f6ter i valberedningen varav en sammankallande<\/li>\n\n\n\n<li>f) verksamhetsrevisor med suppleant<\/li>\n<\/ul>\n<\/li>\n\n\n\n<li>Val av f\u00f6reningens ombud med ers\u00e4ttare till SDF:s ombudsm\u00f6te<\/li>\n\n\n\n<li>Vart tredje \u00e5r val av f\u00f6reningens ombud med ers\u00e4ttare till SULF:s kongress.<\/li>\n\n\n\n<li>Behandling av propositioner och \u00f6vriga \u00e4renden som styrelsen angivit i kallelsen till m\u00f6tet eller som m\u00f6tet enh\u00e4lligt beslutar att ta upp.<\/li>\n\n\n\n<li>Behandling av motioner<\/li>\n<\/ol>\n\n\n\n<h3 id=\"%c2%a7-8-extra-arsmote\" class=\"wp-block-heading\" style=\"\">\u00a7 8 Extra \u00e5rsm\u00f6te<\/h3>\n\n\n\n<h4 id=\"kallelse-handlingar-och-arenden\" class=\"wp-block-heading\" style=\"\">kallelse, handlingar och \u00e4renden<\/h4>\n\n\n\n<p>Styrelsen kan d\u00e5 den anser s\u00e5 l\u00e4mpligt kalla till extra \u00e5rsm\u00f6te. Styrelsen ska d\u00e4rut\u00f6ver kalla till extra \u00e5rsm\u00f6te om minst h\u00e4lften av alla medlemmar eller revisorerna skriftligen beg\u00e4r det.<\/p>\n\n\n\n<p>Kallelse till extra \u00e5rsm\u00f6te efter beg\u00e4ran ska tillsammans med f\u00f6redragningslista uts\u00e4ndas senast 30 dagar efter det att en skriftlig beg\u00e4ran inkommit till f\u00f6reningens ordf\u00f6rande.<\/p>\n\n\n\n<h3 id=\"%c2%a79-motion-till-arsmote\" class=\"wp-block-heading\" style=\"\">\u00a79 Motion till \u00e5rsm\u00f6te<\/h3>\n\n\n\n<p>R\u00e4tt att beg\u00e4ra behandling av visst \u00e4rende, motion, vid \u00e5rsm\u00f6te tillkommer samtliga SULF:s medlemmar enligt \u00a7 1 i denna stadga. Motion till \u00e5rsm\u00f6te skall ha inkommit till styrelsen senast fyra veckor f\u00f6re \u00e5rsm\u00f6tet. Motioner och styrelsens yttrande \u00f6ver dessa bifogas kallelsen.<\/p>\n\n\n\n<h4 id=\"%c2%a7-10-val\" class=\"wp-block-heading\" style=\"\">\u00a7 10 Val<\/h4>\n\n\n\n<p>\u00c5rsm\u00f6tets val ska beredas av en valberedning. Detta g\u00e4ller dock ej vid val av valberedning.<\/p>\n\n\n\n<h3 id=\"%c2%a7-11-protokoll\" class=\"wp-block-heading\" style=\"\">\u00a7 11 Protokoll<\/h3>\n\n\n\n<p>Protokoll ska f\u00f6ras vid \u00e5rsm\u00f6tet och extra \u00e5rsm\u00f6te. Protokollet ska<br>justeras av m\u00f6tesordf\u00f6rande och protokolljusterare. Reservation och<br>anteckning till protokollet ska anm\u00e4las innan \u00e5rsm\u00f6tet har avslutats.<\/p>\n\n\n\n<h3 id=\"%c2%a7-12-delegation\" class=\"wp-block-heading\" style=\"\">\u00a7 12 Delegation<\/h3>\n\n\n\n<p>Ordinarie \u00e5rsm\u00f6te och extra \u00e5rsm\u00f6te f\u00e5r delegera beslutander\u00e4tten i viss fr\u00e5ga eller grupp av fr\u00e5gor till styrelsen.<\/p>\n\n\n\n<p>Delegationen f\u00e5r ej avse stadge\u00e4ndring, beslut om budget, beslut om ansvarsfrihet f\u00f6r styrelsen samt val av ordf\u00f6rande, styrelseledam\u00f6ter, suppleanter eller revisorer.<\/p>\n\n\n\n<h2 id=\"styrelse\" class=\"wp-block-heading\" style=\"\">Styrelse<\/h2>\n\n\n\n<h3 id=\"%c2%a7-13-styrelsen\" class=\"wp-block-heading\" style=\"\">\u00a7 13 Styrelsen<\/h3>\n\n\n\n<p>Styrelsen best\u00e5r av ordf\u00f6rande, vice ordf\u00f6rande, sju styrelseledam\u00f6ter, samt sju rangordnade suppleanter. Suppleanterna har n\u00e4rvaro- och yttrander\u00e4tt vid styrelsem\u00f6ten. Suppleanterna har r\u00f6str\u00e4tt endast n\u00e4r de \u00e4r tj\u00e4nstg\u00f6rande. Styrelsen kan inom sig utse kass\u00f6r och sekreterare samt arbetsutskott.<\/p>\n\n\n\n<h3 id=\"%c2%a7-14-kallelser-och-uppgifter\" class=\"wp-block-heading\" style=\"\">\u00a7 14 Kallelser och uppgifter<\/h3>\n\n\n\n<p>Styrelsen sammantr\u00e4der p\u00e5 kallelse av ordf\u00f6randen.<\/p>\n\n\n\n<p>Styrelsen ska \u00e4ven kallas d\u00e5 minst en tredjedel av styrelsens ledam\u00f6ter beg\u00e4r det. Vid s\u00e5dan beg\u00e4ran ska styrelsem\u00f6te h\u00e5llas senast 14 dagar efter det att den inkommit till f\u00f6reningens ordf\u00f6rande.<\/p>\n\n\n\n<p>Styrelsen \u00e5ligger att:<\/p>\n\n\n\n<ul class=\"wp-block-list\">\n<li>bedriva verksamhet och fatta beslut i fr\u00e5gor som anges i f\u00f6reningens stadga<\/li>\n\n\n\n<li>verkst\u00e4lla av \u00e5rsm\u00f6tet fattade beslut<\/li>\n\n\n\n<li>f\u00f6ra protokoll vid styrelsesammantr\u00e4den \u00f6ver behandlade \u00e4renden och fattade beslut<\/li>\n\n\n\n<li>bereda \u00e4renden som ska f\u00f6rel\u00e4ggas \u00e5rsm\u00f6tet<\/li>\n\n\n\n<li>uppr\u00e4tta f\u00f6rslag till verksamhetsplan och ekonomisk plan<\/li>\n<\/ul>\n\n\n\n<p>Styrelsen \u00e4ger r\u00e4tt att:<\/p>\n\n\n\n<ul class=\"wp-block-list\">\n<li>utse arbetsgrupper f\u00f6r att bereda enskild fr\u00e5ga eller grupp av fr\u00e5gor till styrelsen<\/li>\n<\/ul>\n\n\n\n<h3 id=\"%c2%a7-15-beslut-och-protokoll\" class=\"wp-block-heading\" style=\"\">\u00a7 15 Beslut och protokoll<\/h3>\n\n\n\n<p>Styrelsen \u00e4r beslutsf\u00f6r d\u00e5 minst h\u00e4lften av styrelseledam\u00f6ter inklusive tj\u00e4nstg\u00f6rande suppleanter, \u00e4r n\u00e4rvarande.<\/p>\n\n\n\n<p>Protokoll ska f\u00f6ras vid styrelsens sammantr\u00e4de.<\/p>\n\n\n\n<p>Styrelsen f\u00e5r delegera beslutander\u00e4tten i viss fr\u00e5ga eller grupp av fr\u00e5gor till ordf\u00f6randen, annan styrelseledamot eller eventuellt arbetsutskott. Ordf\u00f6rande f\u00e5r i styrelsens st\u00e4lle fatta beslut i br\u00e5dskande \u00e4renden. Beslut som fattas, i styrelsens st\u00e4lle, skall rapporteras till styrelsen vid n\u00e4sta styrelsem\u00f6te.<\/p>\n\n\n\n<h2 id=\"sarskilda-organ\" class=\"wp-block-heading\" style=\"\">S\u00e4rskilda organ<\/h2>\n\n\n\n<h3 id=\"%c2%a7-16-valberedning\" class=\"wp-block-heading\" style=\"\">\u00a7 16 Valberedning<\/h3>\n\n\n\n<p>Valberedningen ska best\u00e5 av tre personer, varav en sammankallande.<\/p>\n\n\n\n<p>Vid val av styrelse b\u00f6r efterstr\u00e4vas en bred sammans\u00e4ttning med avseende p\u00e5 vetenskapsomr\u00e5de, k\u00f6n och befattning. Om<br>forskarutbildning finns p\u00e5 l\u00e4ros\u00e4tet b\u00f6r minst en av styrelsens ledam\u00f6ter vara doktorand.<\/p>\n\n\n\n<h3 id=\"%c2%a7-17-verksamhetsrevisor\" class=\"wp-block-heading\" style=\"\">\u00a7 17 Verksamhetsrevisor<\/h3>\n\n\n\n<p>Verksamhetsrevisorns uppgift \u00e4r att under hela verksamhets\u00e5ret aktivt vara medlemmarnas ombud och granska styrelsen arbete. Detta inneb\u00e4r: Att l\u00e4sa protokoll fr\u00e5n styrelsem\u00f6tena och granska styrelsens beslut s\u00e5 att dessa \u00e4r i enlighet med stadgarna. Att genomf\u00f6ra f\u00f6rvaltningsrevision och framl\u00e4gga en skriftlig revisonber\u00e4ttelse inf\u00f6r \u00e5rsm\u00f6tet.<\/p>\n\n\n\n<h2 id=\"stadgeandring-och-upplosning\" class=\"wp-block-heading\" style=\"\">Stadge\u00e4ndring och uppl\u00f6sning<\/h2>\n\n\n\n<h3 id=\"%c2%a7-18-stadgeandring\" class=\"wp-block-heading\" style=\"\">\u00a7 18 Stadge\u00e4ndring<\/h3>\n\n\n\n<p>Beslut om f\u00f6rslag till \u00e4ndring av dessa stadgar fattas av \u00e5rsm\u00f6tet och fastst\u00e4lls av f\u00f6rbundsstyrelsen. F\u00f6r s\u00e5dan \u00e4ndring kr\u00e4vs antingen:<\/p>\n\n\n\n<ul class=\"wp-block-list\">\n<li>beslut med tv\u00e5 tredjedels majoritet av samtliga \u00e5rsm\u00f6tesdeltagare, eller<\/li>\n\n\n\n<li>likalydande beslut med enkel majoritet av antalet r\u00f6stande\u00e5rsm\u00f6tesdeltagare vid tv\u00e5 p\u00e5 varandra f\u00f6ljande \u00e5rsm\u00f6ten.<\/li>\n<\/ul>\n\n\n\n<h3 id=\"%c2%a7-19-upplosning\" class=\"wp-block-heading\" style=\"\">\u00a7 19 Uppl\u00f6sning<\/h3>\n\n\n\n<p>F\u00f6r uppl\u00f6sning av f\u00f6reningen kr\u00e4vs likalydande beslut med tv\u00e5 tredjedelars majoritet vid tv\u00e5 p\u00e5 varandra f\u00f6ljande (ordinarie) \u00e5rsm\u00f6ten. Beslutet skall fastst\u00e4llas av f\u00f6rbundsstyrelsen och f\u00f6reningens medel<br>\u00e5terg\u00e5 till f\u00f6rbundet.<\/p>\n","protected":false},"excerpt":{"rendered":"<p>Stadgar f\u00f6r SULF-f\u00f6reningen vid Uppsala universitet. Ladda ned stadgarna som pdf. Beslutshistorik F\u00f6rslaget f\u00e4rdigst\u00e4llt p\u00e5 styrelsem\u00f6te 2022-03-24Revisioner efter avst\u00e4mning med &hellip;<\/p>\n","protected":false},"author":1,"featured_media":0,"parent":0,"menu_order":6,"comment_status":"closed","ping_status":"closed","template":"","meta":{"_acf_changed":false,"footnotes":""},"class_list":["post-492","page","type-page","status-publish","hentry"],"acf":[],"_links":{"self":[{"href":"https:\/\/sulf.se\/sulfs-foreningar\/sulfuppsala\/wp-json\/wp\/v2\/pages\/492","targetHints":{"allow":["GET"]}}],"collection":[{"href":"https:\/\/sulf.se\/sulfs-foreningar\/sulfuppsala\/wp-json\/wp\/v2\/pages"}],"about":[{"href":"https:\/\/sulf.se\/sulfs-foreningar\/sulfuppsala\/wp-json\/wp\/v2\/types\/page"}],"author":[{"embeddable":true,"href":"https:\/\/sulf.se\/sulfs-foreningar\/sulfuppsala\/wp-json\/wp\/v2\/users\/1"}],"replies":[{"embeddable":true,"href":"https:\/\/sulf.se\/sulfs-foreningar\/sulfuppsala\/wp-json\/wp\/v2\/comments?post=492"}],"version-history":[{"count":9,"href":"https:\/\/sulf.se\/sulfs-foreningar\/sulfuppsala\/wp-json\/wp\/v2\/pages\/492\/revisions"}],"predecessor-version":[{"id":903,"href":"https:\/\/sulf.se\/sulfs-foreningar\/sulfuppsala\/wp-json\/wp\/v2\/pages\/492\/revisions\/903"}],"wp:attachment":[{"href":"https:\/\/sulf.se\/sulfs-foreningar\/sulfuppsala\/wp-json\/wp\/v2\/media?parent=492"}],"curies":[{"name":"wp","href":"https:\/\/api.w.org\/{rel}","templated":true}]}}