{"id":914,"date":"2025-12-04T13:28:46","date_gmt":"2025-12-04T12:28:46","guid":{"rendered":"https:\/\/sulf.se\/sulfs-foreningar\/sulfuppsala\/?page_id=914"},"modified":"2025-12-17T15:36:32","modified_gmt":"2025-12-17T14:36:32","slug":"annual-meeting-documentation-arsmoteshandlingar","status":"publish","type":"page","link":"https:\/\/sulf.se\/sulfs-foreningar\/sulfuppsala\/annual-meeting-documentation-arsmoteshandlingar\/","title":{"rendered":"Annual meeting documentation\/\u00c5rsm\u00f6teshandlingar"},"content":{"rendered":"\n<h2 id=\"2025\" class=\"wp-block-heading\" style=\"\">2025<\/h2>\n\n\n\n<p><a href=\"https:\/\/sulf.se\/sulfs-foreningar\/sulfuppsala\/app\/uploads\/2025\/12\/Protokoll2025_Eng_December-2025_AGM-2.pdf\" data-type=\"attachment\" data-id=\"966\" target=\"_blank\" rel=\"noreferrer noopener\">\u00c5rsm\u00f6tesprotokoll 2025<\/a> (pdf)<\/p>\n\n\n\n<p><a href=\"https:\/\/sulf.se\/sulfs-foreningar\/sulfuppsala\/app\/uploads\/2025\/12\/VB_SULF_Uppsala_2025.pdf\" data-type=\"attachment\" data-id=\"964\" target=\"_blank\" rel=\"noreferrer noopener\">Verksamhetsber\u00e4ttelse 2025<\/a> (pdf)<\/p>\n\n\n\n<p><a href=\"https:\/\/sulf.se\/sulfs-foreningar\/sulfuppsala\/app\/uploads\/2025\/12\/Activity_report_SULF_Uppsala_2025.pdf\" data-type=\"attachment\" data-id=\"962\">Activity report, English 2025<\/a> (pdf)<\/p>\n\n\n\n<p><a href=\"https:\/\/sulf.se\/sulfs-foreningar\/sulfuppsala\/app\/uploads\/2025\/12\/VP_SULF_Uppsala_2026.pdf\" data-type=\"attachment\" data-id=\"965\" target=\"_blank\" rel=\"noreferrer noopener\">Verksamhetsplan 2026<\/a> (pdf)<\/p>\n\n\n\n<p><a href=\"https:\/\/sulf.se\/sulfs-foreningar\/sulfuppsala\/app\/uploads\/2025\/12\/Business_plan_SULF_Uppsala_2026.pdf\" data-type=\"attachment\" data-id=\"963\" target=\"_blank\" rel=\"noreferrer noopener\">Activity plan, English, 2026<\/a> (pdf)<\/p>\n\n\n\n<p><\/p>\n\n\n\n<h2 id=\"2024\" class=\"wp-block-heading\" style=\"\">2024<\/h2>\n\n\n\n<p><a href=\"https:\/\/sulf.se\/sulfs-foreningar\/sulfuppsala\/app\/uploads\/2025\/12\/SULFUppsala-Arsmote-2024-Protokoll.pdf\" target=\"_blank\" rel=\"noreferrer noopener\">\u00c5rsm\u00f6tesprotokoll 2024<\/a> (pdf)<\/p>\n\n\n\n<p><a href=\"https:\/\/sulf.se\/sulfs-foreningar\/sulfuppsala\/app\/uploads\/2025\/12\/SULF_Uppsala-Verskamhetsberattelse-2024.pdf\" target=\"_blank\" rel=\"noreferrer noopener\">Verksamhetsber\u00e4ttelse 2024<\/a> (pdf)<\/p>\n\n\n\n<p><a href=\"https:\/\/sulf.se\/sulfs-foreningar\/sulfuppsala\/app\/uploads\/2025\/12\/SULF_Uppsala-Activity-Report-2024.pdf\" target=\"_blank\" rel=\"noreferrer noopener\">Activity report, English 2024<\/a> (pdf)<\/p>\n\n\n\n<p><a href=\"https:\/\/sulf.se\/sulfs-foreningar\/sulfuppsala\/app\/uploads\/2025\/12\/SULF_Uppsala-Verksamhetsplan-2025.pdf\" target=\"_blank\" rel=\"noreferrer noopener\">Verksamhetsplan 2025<\/a> (pdf)<\/p>\n\n\n\n<p><a href=\"https:\/\/sulf.se\/sulfs-foreningar\/sulfuppsala\/app\/uploads\/2025\/12\/SULF_Uppsala-Activity-Plan-2025.pdf\" target=\"_blank\" rel=\"noreferrer noopener\">Activity plan, English 2025<\/a> (pdf)<\/p>\n\n\n\n<p><a href=\"https:\/\/sulf.se\/sulfs-foreningar\/sulfuppsala\/app\/uploads\/2025\/12\/Extra-Annual-Meeting-SULF-2024-signed.pdf\" target=\"_blank\" rel=\"noreferrer noopener\">Extra annual meeting, 2024<\/a> (pdf)<\/p>\n\n\n\n<h2 id=\"2023\" class=\"wp-block-heading\" style=\"\">2023<\/h2>\n\n\n\n<p><a href=\"https:\/\/sulf.se\/sulfs-foreningar\/sulfuppsala\/app\/uploads\/2025\/12\/Signerat-AGMProtokoll2023.pdf\" target=\"_blank\" rel=\"noreferrer noopener\">\u00c5rsm\u00f6tesprotokoll 2023<\/a> (pdf)<\/p>\n\n\n\n<p><a href=\"https:\/\/sulf.se\/sulfs-foreningar\/sulfuppsala\/app\/uploads\/2025\/12\/SULF_Uppsala_VB23_SV.pdf\" target=\"_blank\" rel=\"noreferrer noopener\">Verksamhetsber\u00e4ttelse 2023<\/a> (pdf)<\/p>\n\n\n\n<p><a href=\"https:\/\/sulf.se\/sulfs-foreningar\/sulfuppsala\/app\/uploads\/2025\/12\/SULF_Uppsala_VB23_ENG.pdf\" target=\"_blank\" rel=\"noreferrer noopener\">Activity report, English 2023<\/a> (pdf)<\/p>\n\n\n\n<p><a href=\"https:\/\/sulf.se\/sulfs-foreningar\/sulfuppsala\/app\/uploads\/2025\/12\/SULF_Uppsala_VP24_SV.pdf\" target=\"_blank\" rel=\"noreferrer noopener\">Verksamhetsplan 2024<\/a> (pdf)<\/p>\n\n\n\n<p><a href=\"https:\/\/sulf.se\/sulfs-foreningar\/sulfuppsala\/app\/uploads\/2025\/12\/SULF_Uppsala_VP24_ENG.pdf\" target=\"_blank\" rel=\"noreferrer noopener\">Activity plan, English 2024<\/a> (pdf)<\/p>\n\n\n\n<h2 id=\"2022\" class=\"wp-block-heading\" style=\"\">2022<\/h2>\n\n\n\n<p><a href=\"https:\/\/sulf.se\/sulfs-foreningar\/sulfuppsala\/app\/uploads\/2025\/12\/Arsmotesprotokoll-221221.pdf\" target=\"_blank\" rel=\"noreferrer noopener\">\u00c5rsm\u00f6tesprotokoll 2022<\/a> (pdf)<\/p>\n\n\n\n<p><a href=\"https:\/\/sulf.se\/sulfs-foreningar\/sulfuppsala\/app\/uploads\/2025\/12\/SULF-Uppsala-VB22.pdf\" target=\"_blank\" rel=\"noreferrer noopener\">Verksamhetsber\u00e4ttelse 2022<\/a> (pdf)<\/p>\n\n\n\n<p><a href=\"https:\/\/sulf.se\/sulfs-foreningar\/sulfuppsala\/app\/uploads\/2025\/12\/SULF-Uppsala-VB22-Eng.pdf\" target=\"_blank\" rel=\"noreferrer noopener\">Activity report, English 2022<\/a> (pdf)<\/p>\n\n\n\n<p><a href=\"https:\/\/sulf.se\/sulfs-foreningar\/sulfuppsala\/app\/uploads\/2025\/12\/SULF-Uppsala-VP23.pdf\" target=\"_blank\" rel=\"noreferrer noopener\">Verksamhetsplan 2023<\/a> (pdf)<\/p>\n\n\n\n<p><a href=\"https:\/\/sulf.se\/sulfs-foreningar\/sulfuppsala\/app\/uploads\/2025\/12\/SULF-Uppsala-VP23-Eng.pdf\" target=\"_blank\" rel=\"noreferrer noopener\">Activity plan, English 2023<\/a> (pdf)<\/p>\n\n\n\n<p><a href=\"https:\/\/sulf.se\/sulfs-foreningar\/sulfuppsala\/app\/uploads\/2025\/12\/Protokoll-extra-arsstamma-2022-06-07.pdf\" target=\"_blank\" rel=\"noreferrer noopener\">Protokoll extrast\u00e4mma 20220607<\/a> (pdf)<\/p>\n\n\n\n<h2 id=\"2021\" class=\"wp-block-heading\" style=\"\">2021<\/h2>\n\n\n\n<p><a href=\"https:\/\/sulf.se\/sulfs-foreningar\/sulfuppsala\/app\/uploads\/2025\/12\/Protokoll-2021-12-10-arsstamma.pdf\" target=\"_blank\" rel=\"noreferrer noopener\">\u00c5rsm\u00f6tesprotokoll 2021<\/a> (pdf)<\/p>\n\n\n\n<p><a href=\"https:\/\/sulf.se\/sulfs-foreningar\/sulfuppsala\/app\/uploads\/2025\/12\/SULF-Uppsala-VB21.pdf\" target=\"_blank\" rel=\"noreferrer noopener\">Verksamhetsber\u00e4ttelse 2021<\/a> (pdf)<\/p>\n\n\n\n<p><a href=\"https:\/\/sulf.se\/sulfs-foreningar\/sulfuppsala\/app\/uploads\/2025\/12\/SULF-Uppsala-VP22.pdf\" target=\"_blank\" rel=\"noreferrer noopener\">Verksamhetsplan 2022<\/a> (pdf)<\/p>\n\n\n\n<p><a href=\"https:\/\/sulf.se\/sulfs-foreningar\/sulfuppsala\/app\/uploads\/2025\/12\/Motion-SULF-UU-2021.pdf\" target=\"_blank\" rel=\"noreferrer noopener\">Motion 2021<\/a> (pdf)<\/p>\n\n\n\n<p><a href=\"https:\/\/sulf.se\/sulfs-foreningar\/sulfuppsala\/app\/uploads\/2025\/12\/Motionssvar_styrelsen_SULF-UU-2021.pdf\" target=\"_blank\" rel=\"noreferrer noopener\">Motionssvar 2021<\/a> (pdf)<\/p>\n\n\n\n<h2 id=\"2020\" class=\"wp-block-heading\" style=\"\">2020<\/h2>\n\n\n\n<p><a href=\"https:\/\/sulf.se\/sulfs-foreningar\/sulfuppsala\/app\/uploads\/2025\/12\/Arsmotesprotokoll-2020-inkl-bilagor-ej-signerat.pdf\" target=\"_blank\" rel=\"noreferrer noopener\">\u00c5rsm\u00f6tesprotokoll 2020<\/a> (pdf)<\/p>\n\n\n\n<p><a href=\"https:\/\/sulf.se\/sulfs-foreningar\/sulfuppsala\/app\/uploads\/2025\/12\/SULF_Uppsala_VB2020.pdf\" target=\"_blank\" rel=\"noreferrer noopener\">Verksamhetsber\u00e4ttelse 2020<\/a> (pdf)<\/p>\n\n\n\n<p><a href=\"https:\/\/sulf.se\/sulfs-foreningar\/sulfuppsala\/app\/uploads\/2025\/12\/SULF_Uppsala_VP2021.pdf\" target=\"_blank\" rel=\"noreferrer noopener\">Verksamhetsplan 2021<\/a> (pdf)<\/p>\n\n\n\n<h2 id=\"2019\" class=\"wp-block-heading\" style=\"\">2019<\/h2>\n\n\n\n<p><a href=\"https:\/\/sulf.se\/sulfs-foreningar\/sulfuppsala\/app\/uploads\/2025\/12\/20191211-Protokoll-arsstamma.pdf\" target=\"_blank\" rel=\"noreferrer noopener\">\u00c5rsm\u00f6tesprotokoll 2019<\/a> (pdf)<\/p>\n\n\n\n<p><a href=\"https:\/\/sulf.se\/sulfs-foreningar\/sulfuppsala\/app\/uploads\/2025\/12\/SULF-Uppsala-VB19.pdf\" target=\"_blank\" rel=\"noreferrer noopener\">Verksamhetsber\u00e4ttelse 2019<\/a> (pdf)<\/p>\n\n\n\n<p><a href=\"https:\/\/sulf.se\/sulfs-foreningar\/sulfuppsala\/app\/uploads\/2025\/12\/SULF-Uppsala-VP20.pdf\" target=\"_blank\" rel=\"noreferrer noopener\">Verksamhetsplan 2020<\/a> (pdf)<\/p>\n","protected":false},"excerpt":{"rendered":"<p>2025 \u00c5rsm\u00f6tesprotokoll 2025 (pdf) Verksamhetsber\u00e4ttelse 2025 (pdf) Activity report, English 2025 (pdf) Verksamhetsplan 2026 (pdf) Activity plan, English, 2026 (pdf) &hellip;<\/p>\n","protected":false},"author":49,"featured_media":0,"parent":0,"menu_order":7,"comment_status":"closed","ping_status":"closed","template":"","meta":{"_acf_changed":false,"footnotes":""},"class_list":["post-914","page","type-page","status-publish","hentry"],"acf":[],"_links":{"self":[{"href":"https:\/\/sulf.se\/sulfs-foreningar\/sulfuppsala\/wp-json\/wp\/v2\/pages\/914","targetHints":{"allow":["GET"]}}],"collection":[{"href":"https:\/\/sulf.se\/sulfs-foreningar\/sulfuppsala\/wp-json\/wp\/v2\/pages"}],"about":[{"href":"https:\/\/sulf.se\/sulfs-foreningar\/sulfuppsala\/wp-json\/wp\/v2\/types\/page"}],"author":[{"embeddable":true,"href":"https:\/\/sulf.se\/sulfs-foreningar\/sulfuppsala\/wp-json\/wp\/v2\/users\/49"}],"replies":[{"embeddable":true,"href":"https:\/\/sulf.se\/sulfs-foreningar\/sulfuppsala\/wp-json\/wp\/v2\/comments?post=914"}],"version-history":[{"count":7,"href":"https:\/\/sulf.se\/sulfs-foreningar\/sulfuppsala\/wp-json\/wp\/v2\/pages\/914\/revisions"}],"predecessor-version":[{"id":970,"href":"https:\/\/sulf.se\/sulfs-foreningar\/sulfuppsala\/wp-json\/wp\/v2\/pages\/914\/revisions\/970"}],"wp:attachment":[{"href":"https:\/\/sulf.se\/sulfs-foreningar\/sulfuppsala\/wp-json\/wp\/v2\/media?parent=914"}],"curies":[{"name":"wp","href":"https:\/\/api.w.org\/{rel}","templated":true}]}}